{"id":541,"date":"2024-08-22T08:04:53","date_gmt":"2024-08-22T08:04:53","guid":{"rendered":"https:\/\/staging.studysmartvilnius.lt\/?post_type=product&#038;p=541"},"modified":"2024-08-22T08:05:02","modified_gmt":"2024-08-22T08:05:02","slug":"nuotoline-anglu-kalbos-pamoka-3","status":"publish","type":"product","link":"https:\/\/staging.studysmartvilnius.lt\/en\/produktas\/nuotoline-anglu-kalbos-pamoka-3\/","title":{"rendered":"Nuotolin\u0117 angl\u0173 kalbos pamoka 3"},"content":{"rendered":"<p>Nuotolin\u0117 angl\u0173 kalbos pamoka \u2013 tai interaktyvi ir lanks\u010diai pritaikoma mokymosi patirtis, leid\u017eianti mokiniams \u012fgyti angl\u0173 kalbos \u012fg\u016bd\u017ei\u0173 i\u0161 bet kurios vietos. Pamokos vyksta realiu laiku su kvalifikuotu mokytoju, kuris naudoja \u012fvairius skaitmeninius \u012frankius, padedan\u010dius efektyviai perteikti med\u017eiag\u0105. Mokymosi procesas pritaikytas individualiems mokini\u0173 poreikiams, \u012ftraukiant interaktyvias u\u017eduotis, gramatikos ir \u017eodyno tobulinim\u0105 bei kalb\u0117jimo \u012fg\u016bd\u017ei\u0173 lavinim\u0105. Tai puikus sprendimas norintiems mokytis patogiai, neprarandant tiesioginio bendravimo su mokytoju kokyb\u0117s.<\/p>\n","protected":false},"excerpt":{"rendered":"<p>&#8230;<\/p>\n","protected":false},"featured_media":522,"comment_status":"open","ping_status":"closed","template":"","meta":[],"product_brand":[],"product_cat":[31],"product_tag":[],"class_list":{"0":"post-541","1":"product","2":"type-product","3":"status-publish","4":"has-post-thumbnail","6":"product_cat-uncategorized","8":"first","9":"instock","10":"featured","11":"shipping-taxable","12":"purchasable","13":"product-type-simple"},"_links":{"self":[{"href":"https:\/\/staging.studysmartvilnius.lt\/en\/wp-json\/wp\/v2\/product\/541"}],"collection":[{"href":"https:\/\/staging.studysmartvilnius.lt\/en\/wp-json\/wp\/v2\/product"}],"about":[{"href":"https:\/\/staging.studysmartvilnius.lt\/en\/wp-json\/wp\/v2\/types\/product"}],"replies":[{"embeddable":true,"href":"https:\/\/staging.studysmartvilnius.lt\/en\/wp-json\/wp\/v2\/comments?post=541"}],"wp:featuredmedia":[{"embeddable":true,"href":"https:\/\/staging.studysmartvilnius.lt\/en\/wp-json\/wp\/v2\/media\/522"}],"wp:attachment":[{"href":"https:\/\/staging.studysmartvilnius.lt\/en\/wp-json\/wp\/v2\/media?parent=541"}],"wp:term":[{"taxonomy":"product_brand","embeddable":true,"href":"https:\/\/staging.studysmartvilnius.lt\/en\/wp-json\/wp\/v2\/product_brand?post=541"},{"taxonomy":"product_cat","embeddable":true,"href":"https:\/\/staging.studysmartvilnius.lt\/en\/wp-json\/wp\/v2\/product_cat?post=541"},{"taxonomy":"product_tag","embeddable":true,"href":"https:\/\/staging.studysmartvilnius.lt\/en\/wp-json\/wp\/v2\/product_tag?post=541"}],"curies":[{"name":"wp","href":"https:\/\/api.w.org\/{rel}","templated":true}]}}