{"id":777,"date":"2024-08-19T12:16:32","date_gmt":"2024-08-19T12:16:32","guid":{"rendered":"https:\/\/staging.studysmartvilnius.lt\/team\/"},"modified":"2024-09-04T07:48:36","modified_gmt":"2024-09-04T07:48:36","slug":"team","status":"publish","type":"page","link":"https:\/\/staging.studysmartvilnius.lt\/en\/team\/","title":{"rendered":"Team"},"content":{"rendered":"\t\t<div data-elementor-type=\"wp-page\" data-elementor-id=\"777\" class=\"elementor elementor-777 elementor-95\">\n\t\t\t\t<div class=\"elementor-element elementor-element-f0ad77f e-con-full e-flex e-con e-parent\" data-id=\"f0ad77f\" data-element_type=\"container\">\n\t\t\t\t<div class=\"elementor-element elementor-element-f0d3249 elementor-widget elementor-widget-image\" data-id=\"f0d3249\" data-element_type=\"widget\" data-widget_type=\"image.default\">\n\t\t\t\t<div class=\"elementor-widget-container\">\n\t\t\t\t\t\t\t\t\t\t\t\t\t\t\t<img fetchpriority=\"high\" decoding=\"async\" width=\"1920\" height=\"1160\" src=\"https:\/\/staging.studysmartvilnius.lt\/wp-content\/uploads\/2024\/08\/komanda2.jpg\" class=\"attachment-full size-full wp-image-114\" alt=\"\" srcset=\"https:\/\/staging.studysmartvilnius.lt\/wp-content\/uploads\/2024\/08\/komanda2.jpg 1920w, https:\/\/staging.studysmartvilnius.lt\/wp-content\/uploads\/2024\/08\/komanda2-600x363.jpg 600w, https:\/\/staging.studysmartvilnius.lt\/wp-content\/uploads\/2024\/08\/komanda2-300x181.jpg 300w, https:\/\/staging.studysmartvilnius.lt\/wp-content\/uploads\/2024\/08\/komanda2-1024x619.jpg 1024w, https:\/\/staging.studysmartvilnius.lt\/wp-content\/uploads\/2024\/08\/komanda2-768x464.jpg 768w, https:\/\/staging.studysmartvilnius.lt\/wp-content\/uploads\/2024\/08\/komanda2-1536x928.jpg 1536w\" sizes=\"(max-width: 1920px) 100vw, 1920px\" \/>\t\t\t\t\t\t\t\t\t\t\t\t\t\t\t<\/div>\n\t\t\t\t<\/div>\n\t\t\t\t<\/div>\n\t\t<div class=\"elementor-element elementor-element-4575315 e-flex e-con-boxed e-con e-parent\" data-id=\"4575315\" data-element_type=\"container\">\n\t\t\t\t\t<div class=\"e-con-inner\">\n\t\t\t\t<div class=\"elementor-element elementor-element-eb6dbd2 elementor-widget elementor-widget-heading\" data-id=\"eb6dbd2\" data-element_type=\"widget\" data-widget_type=\"heading.default\">\n\t\t\t\t<div class=\"elementor-widget-container\">\n\t\t\t\t\t<h2 class=\"elementor-heading-title elementor-size-default\">Team<\/h2>\t\t\t\t<\/div>\n\t\t\t\t<\/div>\n\t\t\t\t\t<\/div>\n\t\t\t\t<\/div>\n\t\t<div class=\"elementor-element elementor-element-c9e33c5 e-flex e-con-boxed e-con e-parent\" data-id=\"c9e33c5\" data-element_type=\"container\">\n\t\t\t\t\t<div class=\"e-con-inner\">\n\t\t<div class=\"elementor-element elementor-element-74ccde2 e-con-full e-flex e-con e-child\" data-id=\"74ccde2\" data-element_type=\"container\">\n\t\t\t\t<div class=\"elementor-element elementor-element-5a221ce elementor-widget elementor-widget-image\" data-id=\"5a221ce\" data-element_type=\"widget\" data-widget_type=\"image.default\">\n\t\t\t\t<div class=\"elementor-widget-container\">\n\t\t\t\t\t\t\t\t\t\t\t\t\t\t\t<img decoding=\"async\" width=\"1000\" height=\"1000\" src=\"https:\/\/staging.studysmartvilnius.lt\/wp-content\/uploads\/2024\/08\/sandra.jpg\" class=\"attachment-large size-large wp-image-115\" alt=\"\" srcset=\"https:\/\/staging.studysmartvilnius.lt\/wp-content\/uploads\/2024\/08\/sandra.jpg 1000w, https:\/\/staging.studysmartvilnius.lt\/wp-content\/uploads\/2024\/08\/sandra-300x300.jpg 300w, https:\/\/staging.studysmartvilnius.lt\/wp-content\/uploads\/2024\/08\/sandra-100x100.jpg 100w, https:\/\/staging.studysmartvilnius.lt\/wp-content\/uploads\/2024\/08\/sandra-600x600.jpg 600w, https:\/\/staging.studysmartvilnius.lt\/wp-content\/uploads\/2024\/08\/sandra-150x150.jpg 150w, https:\/\/staging.studysmartvilnius.lt\/wp-content\/uploads\/2024\/08\/sandra-768x768.jpg 768w\" sizes=\"(max-width: 1000px) 100vw, 1000px\" \/>\t\t\t\t\t\t\t\t\t\t\t\t\t\t\t<\/div>\n\t\t\t\t<\/div>\n\t\t\t\t<div class=\"elementor-element elementor-element-6c8e21f elementor-widget elementor-widget-heading\" data-id=\"6c8e21f\" data-element_type=\"widget\" data-widget_type=\"heading.default\">\n\t\t\t\t<div class=\"elementor-widget-container\">\n\t\t\t\t\t<h2 class=\"elementor-heading-title elementor-size-default\">Sandra Burokait\u0117<\/h2>\t\t\t\t<\/div>\n\t\t\t\t<\/div>\n\t\t\t\t<div class=\"elementor-element elementor-element-2078e31 elementor-widget__width-initial elementor-widget elementor-widget-text-editor\" data-id=\"2078e31\" data-element_type=\"widget\" data-widget_type=\"text-editor.default\">\n\t\t\t\t<div class=\"elementor-widget-container\">\n\t\t\t\t\t\t\t\t\t<p>&#8220;Co-founder of Study Smart with more than 15 years of experience.<br \/>\nWith over 15 years of teaching experience.<br \/>\nSandra holds a BA from TSPMI, Vilnius University, and an MA in English Language Teaching from LCC International University.<br \/>\nShe has interned at the Leadership Institute in Switzerland.<br \/>\nShe teaches A1-C1 level courses, teaches Business English, prepares for graduation and IELTS exams, and develops new English language curricula on topics such as leadership, time management, team building, wellness, and mindfulness development.<br \/>\nShe enjoys travelling, sports, playing the piano, singing, organising camps for children and charity work.<br \/>\nLives in Vilnius.      <\/p>\n\t\t\t\t\t\t\t\t<\/div>\n\t\t\t\t<\/div>\n\t\t\t\t<\/div>\n\t\t<div class=\"elementor-element elementor-element-dee08d6 e-con-full e-flex e-con e-child\" data-id=\"dee08d6\" data-element_type=\"container\">\n\t\t\t\t<div class=\"elementor-element elementor-element-fa392dd elementor-widget elementor-widget-image\" data-id=\"fa392dd\" data-element_type=\"widget\" data-widget_type=\"image.default\">\n\t\t\t\t<div class=\"elementor-widget-container\">\n\t\t\t\t\t\t\t\t\t\t\t\t\t\t\t<img decoding=\"async\" width=\"1000\" height=\"1000\" src=\"https:\/\/staging.studysmartvilnius.lt\/wp-content\/uploads\/2024\/08\/vytaute.jpg\" class=\"attachment-large size-large wp-image-116\" alt=\"\" srcset=\"https:\/\/staging.studysmartvilnius.lt\/wp-content\/uploads\/2024\/08\/vytaute.jpg 1000w, https:\/\/staging.studysmartvilnius.lt\/wp-content\/uploads\/2024\/08\/vytaute-300x300.jpg 300w, https:\/\/staging.studysmartvilnius.lt\/wp-content\/uploads\/2024\/08\/vytaute-100x100.jpg 100w, https:\/\/staging.studysmartvilnius.lt\/wp-content\/uploads\/2024\/08\/vytaute-600x600.jpg 600w, https:\/\/staging.studysmartvilnius.lt\/wp-content\/uploads\/2024\/08\/vytaute-150x150.jpg 150w, https:\/\/staging.studysmartvilnius.lt\/wp-content\/uploads\/2024\/08\/vytaute-768x768.jpg 768w\" sizes=\"(max-width: 1000px) 100vw, 1000px\" \/>\t\t\t\t\t\t\t\t\t\t\t\t\t\t\t<\/div>\n\t\t\t\t<\/div>\n\t\t\t\t<div class=\"elementor-element elementor-element-6bb2309 elementor-widget elementor-widget-heading\" data-id=\"6bb2309\" data-element_type=\"widget\" data-widget_type=\"heading.default\">\n\t\t\t\t<div class=\"elementor-widget-container\">\n\t\t\t\t\t<h2 class=\"elementor-heading-title elementor-size-default\">Vytaut\u0117 Underwood  <\/h2>\t\t\t\t<\/div>\n\t\t\t\t<\/div>\n\t\t\t\t<div class=\"elementor-element elementor-element-3848bf5 elementor-widget__width-initial elementor-widget elementor-widget-text-editor\" data-id=\"3848bf5\" data-element_type=\"widget\" data-widget_type=\"text-editor.default\">\n\t\t\t\t<div class=\"elementor-widget-container\">\n\t\t\t\t\t\t\t\t\t<p>&#8220;Co-founder of Study Smart with 9 years of teaching experience.<br \/>\nVytaut\u0117 studied at Middlesex University, London.<br \/>\nShe teaches A1-C1 level courses and Business English.<br \/>\nShe is interested in modern methodology, differentiation in the classroom, special education, and the teaching of English.<br \/>\nSpecial needs education with children.<br \/>\nLives in Kaunas.     <\/p>\n\t\t\t\t\t\t\t\t<\/div>\n\t\t\t\t<\/div>\n\t\t\t\t<\/div>\n\t\t\t\t\t<\/div>\n\t\t\t\t<\/div>\n\t\t<div class=\"elementor-element elementor-element-296c512 e-flex e-con-boxed e-con e-parent\" data-id=\"296c512\" data-element_type=\"container\">\n\t\t\t\t\t<div class=\"e-con-inner\">\n\t\t<div class=\"elementor-element elementor-element-265f872 e-con-full e-flex e-con e-child\" data-id=\"265f872\" data-element_type=\"container\">\n\t\t\t\t<div class=\"elementor-element elementor-element-28fbbc4 elementor-widget elementor-widget-image\" data-id=\"28fbbc4\" data-element_type=\"widget\" data-widget_type=\"image.default\">\n\t\t\t\t<div class=\"elementor-widget-container\">\n\t\t\t\t\t\t\t\t\t\t\t\t\t\t\t<img loading=\"lazy\" decoding=\"async\" width=\"1000\" height=\"1000\" src=\"https:\/\/staging.studysmartvilnius.lt\/wp-content\/uploads\/2024\/08\/narine.jpg\" class=\"attachment-large size-large wp-image-117\" alt=\"\" srcset=\"https:\/\/staging.studysmartvilnius.lt\/wp-content\/uploads\/2024\/08\/narine.jpg 1000w, https:\/\/staging.studysmartvilnius.lt\/wp-content\/uploads\/2024\/08\/narine-300x300.jpg 300w, https:\/\/staging.studysmartvilnius.lt\/wp-content\/uploads\/2024\/08\/narine-100x100.jpg 100w, https:\/\/staging.studysmartvilnius.lt\/wp-content\/uploads\/2024\/08\/narine-600x600.jpg 600w, https:\/\/staging.studysmartvilnius.lt\/wp-content\/uploads\/2024\/08\/narine-150x150.jpg 150w, https:\/\/staging.studysmartvilnius.lt\/wp-content\/uploads\/2024\/08\/narine-768x768.jpg 768w\" sizes=\"(max-width: 1000px) 100vw, 1000px\" \/>\t\t\t\t\t\t\t\t\t\t\t\t\t\t\t<\/div>\n\t\t\t\t<\/div>\n\t\t\t\t<div class=\"elementor-element elementor-element-3899b26 elementor-widget elementor-widget-heading\" data-id=\"3899b26\" data-element_type=\"widget\" data-widget_type=\"heading.default\">\n\t\t\t\t<div class=\"elementor-widget-container\">\n\t\t\t\t\t<h2 class=\"elementor-heading-title elementor-size-default\">Narine Gevorgyan  <\/h2>\t\t\t\t<\/div>\n\t\t\t\t<\/div>\n\t\t\t\t<div class=\"elementor-element elementor-element-62e514e elementor-widget__width-initial elementor-widget elementor-widget-text-editor\" data-id=\"62e514e\" data-element_type=\"widget\" data-widget_type=\"text-editor.default\">\n\t\t\t\t<div class=\"elementor-widget-container\">\n\t\t\t\t\t\t\t\t\t<p>Narine has 10 years of teaching experience, studied at the Yerevan State University of Linguistics and holds a Master&#8217;s degree.<br \/>\nShe has interned at the Leadership Institute in Switzerland.<br \/>\nShe teaches B1-B2 level courses.<br \/>\nInterested in other cultures, photography, music.<br \/>\nLives in Armenia.    <\/p>\n\t\t\t\t\t\t\t\t<\/div>\n\t\t\t\t<\/div>\n\t\t\t\t<\/div>\n\t\t<div class=\"elementor-element elementor-element-619c5e7 e-con-full e-flex e-con e-child\" data-id=\"619c5e7\" data-element_type=\"container\">\n\t\t\t\t<div class=\"elementor-element elementor-element-2e67ca5 elementor-widget elementor-widget-image\" data-id=\"2e67ca5\" data-element_type=\"widget\" data-widget_type=\"image.default\">\n\t\t\t\t<div class=\"elementor-widget-container\">\n\t\t\t\t\t\t\t\t\t\t\t\t\t\t\t<img loading=\"lazy\" decoding=\"async\" width=\"1000\" height=\"1000\" src=\"https:\/\/staging.studysmartvilnius.lt\/wp-content\/uploads\/2024\/08\/yana.jpg\" class=\"attachment-large size-large wp-image-118\" alt=\"\" srcset=\"https:\/\/staging.studysmartvilnius.lt\/wp-content\/uploads\/2024\/08\/yana.jpg 1000w, https:\/\/staging.studysmartvilnius.lt\/wp-content\/uploads\/2024\/08\/yana-300x300.jpg 300w, https:\/\/staging.studysmartvilnius.lt\/wp-content\/uploads\/2024\/08\/yana-100x100.jpg 100w, https:\/\/staging.studysmartvilnius.lt\/wp-content\/uploads\/2024\/08\/yana-600x600.jpg 600w, https:\/\/staging.studysmartvilnius.lt\/wp-content\/uploads\/2024\/08\/yana-150x150.jpg 150w, https:\/\/staging.studysmartvilnius.lt\/wp-content\/uploads\/2024\/08\/yana-768x768.jpg 768w\" sizes=\"(max-width: 1000px) 100vw, 1000px\" \/>\t\t\t\t\t\t\t\t\t\t\t\t\t\t\t<\/div>\n\t\t\t\t<\/div>\n\t\t\t\t<div class=\"elementor-element elementor-element-2a2ce8c elementor-widget elementor-widget-heading\" data-id=\"2a2ce8c\" data-element_type=\"widget\" data-widget_type=\"heading.default\">\n\t\t\t\t<div class=\"elementor-widget-container\">\n\t\t\t\t\t<h2 class=\"elementor-heading-title elementor-size-default\">Yana Reznyk  <\/h2>\t\t\t\t<\/div>\n\t\t\t\t<\/div>\n\t\t\t\t<div class=\"elementor-element elementor-element-38be887 elementor-widget__width-initial elementor-widget elementor-widget-text-editor\" data-id=\"38be887\" data-element_type=\"widget\" data-widget_type=\"text-editor.default\">\n\t\t\t\t<div class=\"elementor-widget-container\">\n\t\t\t\t\t\t\t\t\t<p>Yana holds a Master&#8217;s degree from Vilnius University and taught English and Latin for 2 years.<br \/>\nShe is currently pursuing a PhD in Classical Philology.<br \/>\nShe speaks Lithuanian, Russian, Spanish and Italian.<br \/>\nShe is interested in alternative ways of teaching languages.<br \/>\nLives in Cyprus.    <\/p>\n\t\t\t\t\t\t\t\t<\/div>\n\t\t\t\t<\/div>\n\t\t\t\t<\/div>\n\t\t\t\t\t<\/div>\n\t\t\t\t<\/div>\n\t\t<div class=\"elementor-element elementor-element-927a700 e-flex e-con-boxed e-con e-parent\" data-id=\"927a700\" data-element_type=\"container\">\n\t\t\t\t\t<div class=\"e-con-inner\">\n\t\t<div class=\"elementor-element elementor-element-965c490 e-con-full e-flex e-con e-child\" data-id=\"965c490\" data-element_type=\"container\">\n\t\t\t\t<div class=\"elementor-element elementor-element-5bbbeeb elementor-widget elementor-widget-image\" data-id=\"5bbbeeb\" data-element_type=\"widget\" data-widget_type=\"image.default\">\n\t\t\t\t<div class=\"elementor-widget-container\">\n\t\t\t\t\t\t\t\t\t\t\t\t\t\t\t<img loading=\"lazy\" decoding=\"async\" width=\"648\" height=\"648\" src=\"https:\/\/staging.studysmartvilnius.lt\/wp-content\/uploads\/2024\/08\/jurate.jpg\" class=\"attachment-large size-large wp-image-119\" alt=\"\" srcset=\"https:\/\/staging.studysmartvilnius.lt\/wp-content\/uploads\/2024\/08\/jurate.jpg 648w, https:\/\/staging.studysmartvilnius.lt\/wp-content\/uploads\/2024\/08\/jurate-300x300.jpg 300w, https:\/\/staging.studysmartvilnius.lt\/wp-content\/uploads\/2024\/08\/jurate-100x100.jpg 100w, https:\/\/staging.studysmartvilnius.lt\/wp-content\/uploads\/2024\/08\/jurate-600x600.jpg 600w, https:\/\/staging.studysmartvilnius.lt\/wp-content\/uploads\/2024\/08\/jurate-150x150.jpg 150w\" sizes=\"(max-width: 648px) 100vw, 648px\" \/>\t\t\t\t\t\t\t\t\t\t\t\t\t\t\t<\/div>\n\t\t\t\t<\/div>\n\t\t\t\t<div class=\"elementor-element elementor-element-17c3dbb elementor-widget elementor-widget-heading\" data-id=\"17c3dbb\" data-element_type=\"widget\" data-widget_type=\"heading.default\">\n\t\t\t\t<div class=\"elementor-widget-container\">\n\t\t\t\t\t<h2 class=\"elementor-heading-title elementor-size-default\">Jurate M.Kukanauza  <\/h2>\t\t\t\t<\/div>\n\t\t\t\t<\/div>\n\t\t\t\t<div class=\"elementor-element elementor-element-88c2eb8 elementor-widget__width-initial elementor-widget elementor-widget-text-editor\" data-id=\"88c2eb8\" data-element_type=\"widget\" data-widget_type=\"text-editor.default\">\n\t\t\t\t<div class=\"elementor-widget-container\">\n\t\t\t\t\t\t\t\t\t<p>Jurate is over 25m.<br \/>\nJurate has over 25 years of experience in teacher training.<br \/>\nShe holds a Master&#8217;s degree in English as a Second Language and a PhD in Foreign Languages (State University of New York at Buffalo).<br \/>\nShe has taught English in Venezuela, America and Lithuania, has been working remotely for the past 4 years, and has an effective strategy for preparing for the TOEFL and IELTS exams.<br \/>\nJurate uses a wide range of methods, strategies and techniques in her classes to help students learn English very effectively and quickly.<br \/>\nShe lives in Vilnius.     <\/p>\n\t\t\t\t\t\t\t\t<\/div>\n\t\t\t\t<\/div>\n\t\t\t\t<\/div>\n\t\t<div class=\"elementor-element elementor-element-35f6e75 e-con-full e-flex e-con e-child\" data-id=\"35f6e75\" data-element_type=\"container\">\n\t\t\t\t<div class=\"elementor-element elementor-element-ac977c2 elementor-widget elementor-widget-image\" data-id=\"ac977c2\" data-element_type=\"widget\" data-widget_type=\"image.default\">\n\t\t\t\t<div class=\"elementor-widget-container\">\n\t\t\t\t\t\t\t\t\t\t\t\t\t\t\t<img loading=\"lazy\" decoding=\"async\" width=\"434\" height=\"443\" src=\"https:\/\/staging.studysmartvilnius.lt\/wp-content\/uploads\/2024\/08\/lina-juseviciute-naujas1.jpg\" class=\"attachment-large size-large wp-image-120\" alt=\"\" srcset=\"https:\/\/staging.studysmartvilnius.lt\/wp-content\/uploads\/2024\/08\/lina-juseviciute-naujas1.jpg 434w, https:\/\/staging.studysmartvilnius.lt\/wp-content\/uploads\/2024\/08\/lina-juseviciute-naujas1-294x300.jpg 294w\" sizes=\"(max-width: 434px) 100vw, 434px\" \/>\t\t\t\t\t\t\t\t\t\t\t\t\t\t\t<\/div>\n\t\t\t\t<\/div>\n\t\t\t\t<div class=\"elementor-element elementor-element-5064759 elementor-widget elementor-widget-heading\" data-id=\"5064759\" data-element_type=\"widget\" data-widget_type=\"heading.default\">\n\t\t\t\t<div class=\"elementor-widget-container\">\n\t\t\t\t\t<h2 class=\"elementor-heading-title elementor-size-default\">Lina Jusevi\u010di\u016bt\u0117  <\/h2>\t\t\t\t<\/div>\n\t\t\t\t<\/div>\n\t\t\t\t<div class=\"elementor-element elementor-element-ddab424 elementor-widget__width-initial elementor-widget elementor-widget-text-editor\" data-id=\"ddab424\" data-element_type=\"widget\" data-widget_type=\"text-editor.default\">\n\t\t\t\t<div class=\"elementor-widget-container\">\n\t\t\t\t\t\t\t\t\t<p>Lina went to school in Copenhagen, completed her BA in International Relations at Leiden University in the Netherlands, interned in France, and is currently living in Cambridge, UK, where she qualified as a CELTA teacher.<br \/>\nShe has 7 years of experience teaching English.<br \/>\nIn her spare time, Lina enjoys artistic photography and long-distance running.  <\/p>\n\t\t\t\t\t\t\t\t<\/div>\n\t\t\t\t<\/div>\n\t\t\t\t<\/div>\n\t\t\t\t\t<\/div>\n\t\t\t\t<\/div>\n\t\t<div class=\"elementor-element elementor-element-e59130a e-flex e-con-boxed e-con e-parent\" data-id=\"e59130a\" data-element_type=\"container\">\n\t\t\t\t\t<div class=\"e-con-inner\">\n\t\t<div class=\"elementor-element elementor-element-69692ac e-con-full e-flex e-con e-child\" data-id=\"69692ac\" data-element_type=\"container\">\n\t\t\t\t<div class=\"elementor-element elementor-element-eb65e2c elementor-widget elementor-widget-image\" data-id=\"eb65e2c\" data-element_type=\"widget\" data-widget_type=\"image.default\">\n\t\t\t\t<div class=\"elementor-widget-container\">\n\t\t\t\t\t\t\t\t\t\t\t\t\t\t\t<img loading=\"lazy\" decoding=\"async\" width=\"1013\" height=\"1024\" src=\"https:\/\/staging.studysmartvilnius.lt\/wp-content\/uploads\/2024\/08\/roman-1013x1024.jpeg\" class=\"attachment-large size-large wp-image-121\" alt=\"\" srcset=\"https:\/\/staging.studysmartvilnius.lt\/wp-content\/uploads\/2024\/08\/roman-1013x1024.jpeg 1013w, https:\/\/staging.studysmartvilnius.lt\/wp-content\/uploads\/2024\/08\/roman-100x100.jpeg 100w, https:\/\/staging.studysmartvilnius.lt\/wp-content\/uploads\/2024\/08\/roman-600x607.jpeg 600w, https:\/\/staging.studysmartvilnius.lt\/wp-content\/uploads\/2024\/08\/roman-297x300.jpeg 297w, https:\/\/staging.studysmartvilnius.lt\/wp-content\/uploads\/2024\/08\/roman-768x776.jpeg 768w, https:\/\/staging.studysmartvilnius.lt\/wp-content\/uploads\/2024\/08\/roman-1519x1536.jpeg 1519w, https:\/\/staging.studysmartvilnius.lt\/wp-content\/uploads\/2024\/08\/roman.jpeg 1836w\" sizes=\"(max-width: 1013px) 100vw, 1013px\" \/>\t\t\t\t\t\t\t\t\t\t\t\t\t\t\t<\/div>\n\t\t\t\t<\/div>\n\t\t\t\t<div class=\"elementor-element elementor-element-788105f elementor-widget elementor-widget-heading\" data-id=\"788105f\" data-element_type=\"widget\" data-widget_type=\"heading.default\">\n\t\t\t\t<div class=\"elementor-widget-container\">\n\t\t\t\t\t<h2 class=\"elementor-heading-title elementor-size-default\">Roman Lososovsky  <\/h2>\t\t\t\t<\/div>\n\t\t\t\t<\/div>\n\t\t\t\t<div class=\"elementor-element elementor-element-6d1249f elementor-widget__width-initial elementor-widget elementor-widget-text-editor\" data-id=\"6d1249f\" data-element_type=\"widget\" data-widget_type=\"text-editor.default\">\n\t\t\t\t<div class=\"elementor-widget-container\">\n\t\t\t\t\t\t\t\t\t<p>Roman was born in Lithuania, but moved to England with his family in his teens.<br \/>\nHe holds a Master&#8217;s degree in Conference Translation from London Metropolitan University.<br \/>\nHe worked as a translator in England and Wales for two years and spent a year in Bangkok, Thailand as a secondary school teacher.<br \/>\nRoman has been teaching English remotely since 2019.<br \/>\nIn his spare time, he practises Brazilian jujitsu and listens to podcasts.<br \/>\nHe lives in Turkey.     <\/p>\n\t\t\t\t\t\t\t\t<\/div>\n\t\t\t\t<\/div>\n\t\t\t\t<\/div>\n\t\t<div class=\"elementor-element elementor-element-5301528 e-con-full e-flex e-con e-child\" data-id=\"5301528\" data-element_type=\"container\">\n\t\t\t\t<div class=\"elementor-element elementor-element-2f33c62 elementor-widget elementor-widget-image\" data-id=\"2f33c62\" data-element_type=\"widget\" data-widget_type=\"image.default\">\n\t\t\t\t<div class=\"elementor-widget-container\">\n\t\t\t\t\t\t\t\t\t\t\t\t\t\t\t<img loading=\"lazy\" decoding=\"async\" width=\"962\" height=\"1024\" src=\"https:\/\/staging.studysmartvilnius.lt\/wp-content\/uploads\/2024\/08\/oleksi-962x1024.jpg\" class=\"attachment-large size-large wp-image-122\" alt=\"\" srcset=\"https:\/\/staging.studysmartvilnius.lt\/wp-content\/uploads\/2024\/08\/oleksi-962x1024.jpg 962w, https:\/\/staging.studysmartvilnius.lt\/wp-content\/uploads\/2024\/08\/oleksi-scaled-600x639.jpg 600w, https:\/\/staging.studysmartvilnius.lt\/wp-content\/uploads\/2024\/08\/oleksi-282x300.jpg 282w, https:\/\/staging.studysmartvilnius.lt\/wp-content\/uploads\/2024\/08\/oleksi-768x818.jpg 768w, https:\/\/staging.studysmartvilnius.lt\/wp-content\/uploads\/2024\/08\/oleksi-1442x1536.jpg 1442w, https:\/\/staging.studysmartvilnius.lt\/wp-content\/uploads\/2024\/08\/oleksi-1923x2048.jpg 1923w\" sizes=\"(max-width: 962px) 100vw, 962px\" \/>\t\t\t\t\t\t\t\t\t\t\t\t\t\t\t<\/div>\n\t\t\t\t<\/div>\n\t\t\t\t<div class=\"elementor-element elementor-element-f3176b1 elementor-widget elementor-widget-heading\" data-id=\"f3176b1\" data-element_type=\"widget\" data-widget_type=\"heading.default\">\n\t\t\t\t<div class=\"elementor-widget-container\">\n\t\t\t\t\t<h2 class=\"elementor-heading-title elementor-size-default\">Oleksii Kutsenko  <\/h2>\t\t\t\t<\/div>\n\t\t\t\t<\/div>\n\t\t\t\t<div class=\"elementor-element elementor-element-4763293 elementor-widget__width-initial elementor-widget elementor-widget-text-editor\" data-id=\"4763293\" data-element_type=\"widget\" data-widget_type=\"text-editor.default\">\n\t\t\t\t<div class=\"elementor-widget-container\">\n\t\t\t\t\t\t\t\t\t<p>Teaching is Oleksii&#8217;s passion in life and he realised this in 2015.<br \/>\nHe came to China to work as an English teacher.<br \/>\nSince then, Oleksii has been very happy to help hundreds of students on their way to learning English.<br \/>\nHe holds a Bachelor&#8217;s degree from Kyiv National University in Civil Engineering and Architecture and a TEFL certificate in English Language Teaching, with 7 years of teaching experience.<br \/>\nOleksii is a very active person, enjoys travelling, playing football, sailing, making videos and playing guitar.<br \/>\nHis mission is to share his energy with his students and encourage them to be active and never give up.<br \/>\nHe lives in Bali, Indonesia.      <\/p>\n\t\t\t\t\t\t\t\t<\/div>\n\t\t\t\t<\/div>\n\t\t\t\t<\/div>\n\t\t\t\t\t<\/div>\n\t\t\t\t<\/div>\n\t\t\t\t<\/div>\n\t\t","protected":false},"excerpt":{"rendered":"<p>&#8230;<\/p>\n","protected":false},"author":1,"featured_media":0,"parent":0,"menu_order":0,"comment_status":"closed","ping_status":"closed","template":"","meta":{"footnotes":""},"class_list":["post-777","page","type-page","status-publish","hentry"],"_links":{"self":[{"href":"https:\/\/staging.studysmartvilnius.lt\/en\/wp-json\/wp\/v2\/pages\/777"}],"collection":[{"href":"https:\/\/staging.studysmartvilnius.lt\/en\/wp-json\/wp\/v2\/pages"}],"about":[{"href":"https:\/\/staging.studysmartvilnius.lt\/en\/wp-json\/wp\/v2\/types\/page"}],"author":[{"embeddable":true,"href":"https:\/\/staging.studysmartvilnius.lt\/en\/wp-json\/wp\/v2\/users\/1"}],"replies":[{"embeddable":true,"href":"https:\/\/staging.studysmartvilnius.lt\/en\/wp-json\/wp\/v2\/comments?post=777"}],"version-history":[{"count":1,"href":"https:\/\/staging.studysmartvilnius.lt\/en\/wp-json\/wp\/v2\/pages\/777\/revisions"}],"predecessor-version":[{"id":780,"href":"https:\/\/staging.studysmartvilnius.lt\/en\/wp-json\/wp\/v2\/pages\/777\/revisions\/780"}],"wp:attachment":[{"href":"https:\/\/staging.studysmartvilnius.lt\/en\/wp-json\/wp\/v2\/media?parent=777"}],"curies":[{"name":"wp","href":"https:\/\/api.w.org\/{rel}","templated":true}]}}